{"id":2191,"date":"2020-03-18T20:21:19","date_gmt":"2020-03-18T20:21:19","guid":{"rendered":"https:\/\/herttuahotel.com\/esileht\/"},"modified":"2026-01-29T13:06:49","modified_gmt":"2026-01-29T10:06:49","slug":"homepage","status":"publish","type":"page","link":"https:\/\/herttuahotel.com\/en\/","title":{"rendered":"Homepage"},"content":{"rendered":"\r\n<p><a href=\"\" data-bg1=\"\" data-bg2=\"\"> <\/a><\/p>\r\n<hr \/>\r\n<p><a href=\"\" data-bg1=\"\" data-bg2=\"\"> <img decoding=\"async\" src=\"https:\/\/herttuahotel.com\/wp-content\/uploads\/2021\/10\/WhiteArrow.svg\" \/> <\/a> <a href=\"\"> <\/a><\/p>\r\n<hr \/>\r\n<p><a href=\"\"> <img decoding=\"async\" src=\"https:\/\/herttuahotel.com\/wp-content\/uploads\/2021\/10\/WhiteArrow.svg\" \/> <\/a> <a href=\"\"> <\/a><\/p>\r\n<hr \/>\r\n<p><a href=\"\"> <img decoding=\"async\" src=\"https:\/\/herttuahotel.com\/wp-content\/uploads\/2021\/10\/WhiteArrow.svg\" \/> <\/a>   <img decoding=\"async\" src=\"https:\/\/herttuahotel.com\/wp-content\/uploads\/2021\/10\/Stars.svg\" \/> <img decoding=\"async\" src=\"\" \/><\/p>\r\n<h1><\/h1>\r\n\r\n<p>Katso videot alta <img decoding=\"async\" src=\"https:\/\/herttuahotel.com\/wp-content\/uploads\/2023\/11\/Arrow-down.svg\" \/> <img decoding=\"async\" src=\"https:\/\/i.ytimg.com\/vi\/0GMXi1TpZhU\/hqdefault.jpg\" alt=\"Video\" \/> Play Video<\/p>\r\n<h2><\/h2>\r\n\r\n<p><a href=\"\"> <\/a><\/p>\r\n<hr \/>\r\n<p><a href=\"\"> <img decoding=\"async\" src=\"https:\/\/herttuahotel.com\/wp-content\/uploads\/2023\/11\/WhiteArrowRight.svg\" \/> <\/a> <a href=\"\"> <\/a><\/p>\r\n<hr \/>\r\n<p><a href=\"\"> <img decoding=\"async\" src=\"https:\/\/herttuahotel.com\/wp-content\/uploads\/2023\/11\/WhiteArrowRight.svg\" \/> <\/a><\/p>\r\n<h2><\/h2>\r\n\r\n\r\n<h3><\/h3>\r\n<hr \/>\r\n\r\n<p><a href=\"\">Katso lis\u00e4\u00e4 <img decoding=\"async\" src=\"https:\/\/herttuahotel.com\/wp-content\/uploads\/2023\/11\/ArrowBlack.svg\" \/><\/a> <img decoding=\"async\" src=\"\" \/><\/p>\r\n<h3><\/h3>\r\n<hr \/>\r\n\r\n<p><a href=\"\">Katso lis\u00e4\u00e4 <img decoding=\"async\" src=\"https:\/\/herttuahotel.com\/wp-content\/uploads\/2023\/11\/ArrowBlack.svg\" \/><\/a> <img decoding=\"async\" src=\"\" \/><\/p>\r\n<h3><\/h3>\r\n\r\n<p><a href=\"acf type='text' name='sights_url_1']\" target=\"_blank\" rel=\"noopener nofollow\">  <\/a><\/p>\r\n\r\n<p><a target=\"_blank\" rel=\"noopener nofollow\">  <\/a><\/p>\r\n<h3><\/h3>\r\n<hr \/>\r\n\r\n<p><a href=\"\"> <img decoding=\"async\" src=\"https:\/\/herttuahotel.com\/wp-content\/uploads\/2023\/11\/ArrowBlack.svg\" \/><\/a> <img decoding=\"async\" src=\"\" \/> <a title=\"Herttua Spa Hotel\" href=\"https:\/\/herttuahotel.com\/wp-content\/uploads\/2023\/11\/Herttua-Spa-Hotel-1024x577.jpg\" data-fancybox=\"images\" data-caption=\"\" data-description=\"\"> <img loading=\"lazy\" decoding=\"async\" src=\"https:\/\/herttuahotel.com\/wp-content\/uploads\/2023\/11\/Herttua-Spa-Hotel-1024x577.jpg\" alt=\"\" width=\"1024\" height=\"577\" data-no-lazy=\"1\" \/> <!-- Overlay Wrapper --><!-- Overlay Wrapper Closed --> <\/a> <a title=\"Economy Double or Twin - 2 (1)\" href=\"https:\/\/herttuahotel.com\/wp-content\/uploads\/2023\/11\/Economy-Double-or-Twin-2-1-1022x1024.jpg\" data-fancybox=\"images\" data-caption=\"\" data-description=\"\"> <img loading=\"lazy\" decoding=\"async\" src=\"https:\/\/herttuahotel.com\/wp-content\/uploads\/2023\/11\/Economy-Double-or-Twin-2-1-1022x1024.jpg\" alt=\"\" width=\"1022\" height=\"1024\" data-no-lazy=\"1\" \/> <!-- Overlay Wrapper --><!-- Overlay Wrapper Closed --> <\/a> <a title=\"Herttua Hotel and Spa\" href=\"https:\/\/herttuahotel.com\/wp-content\/uploads\/2023\/11\/Herttua-Hotel-and-Spa-1024x578.jpg\" data-fancybox=\"images\" data-caption=\"\" data-description=\"\"> <img loading=\"lazy\" decoding=\"async\" src=\"https:\/\/herttuahotel.com\/wp-content\/uploads\/2023\/11\/Herttua-Hotel-and-Spa-1024x578.jpg\" alt=\"\" width=\"1024\" height=\"578\" data-no-lazy=\"1\" \/> <!-- Overlay Wrapper --><!-- Overlay Wrapper Closed --> <\/a> <a title=\"HerttuaHotel\" href=\"https:\/\/herttuahotel.com\/wp-content\/uploads\/2023\/11\/HerttuaHotel-1024x575.jpg\" data-fancybox=\"images\" data-caption=\"\" data-description=\"\"> <img loading=\"lazy\" decoding=\"async\" src=\"https:\/\/herttuahotel.com\/wp-content\/uploads\/2023\/11\/HerttuaHotel-1024x575.jpg\" alt=\"\" width=\"1024\" height=\"575\" data-no-lazy=\"1\" \/> <!-- Overlay Wrapper --><!-- Overlay Wrapper Closed --> <\/a> <a title=\"Herttua Hotel Spa\" href=\"https:\/\/herttuahotel.com\/wp-content\/uploads\/2023\/11\/Herttua-Hotel-Spa-1024x682.jpg\" data-fancybox=\"images\" data-caption=\"\" data-description=\"\"> <img loading=\"lazy\" decoding=\"async\" src=\"https:\/\/herttuahotel.com\/wp-content\/uploads\/2023\/11\/Herttua-Hotel-Spa-1024x682.jpg\" alt=\"\" width=\"1024\" height=\"682\" data-no-lazy=\"1\" \/> <!-- Overlay Wrapper --><!-- Overlay Wrapper Closed --> <\/a> <a title=\"Vintage Room - 1\" href=\"https:\/\/herttuahotel.com\/wp-content\/uploads\/2022\/07\/Vintage-Room-1-1024x991.jpg\" data-fancybox=\"images\" data-caption=\"\" data-description=\"\"> <img loading=\"lazy\" decoding=\"async\" src=\"https:\/\/herttuahotel.com\/wp-content\/uploads\/2022\/07\/Vintage-Room-1-1024x991.jpg\" alt=\"\" width=\"1024\" height=\"991\" data-no-lazy=\"1\" \/> <!-- Overlay Wrapper --><!-- Overlay Wrapper Closed --> <\/a> <a title=\"Vintage Room - 2\" href=\"https:\/\/herttuahotel.com\/wp-content\/uploads\/2022\/07\/Vintage-Room-2-1024x1020.jpg\" data-fancybox=\"images\" data-caption=\"\" data-description=\"\"> <img loading=\"lazy\" decoding=\"async\" src=\"https:\/\/herttuahotel.com\/wp-content\/uploads\/2022\/07\/Vintage-Room-2-1024x1020.jpg\" alt=\"\" width=\"1024\" height=\"1020\" data-no-lazy=\"1\" \/> <!-- Overlay Wrapper --><!-- Overlay Wrapper Closed --> <\/a> <a title=\"Fishing\" href=\"https:\/\/herttuahotel.com\/wp-content\/uploads\/2023\/11\/Fishing-1024x683.webp\" data-fancybox=\"images\" data-caption=\"\" data-description=\"\"> <img loading=\"lazy\" decoding=\"async\" src=\"https:\/\/herttuahotel.com\/wp-content\/uploads\/2023\/11\/Fishing-1024x683.webp\" alt=\"\" width=\"1024\" height=\"683\" data-no-lazy=\"1\" \/> <!-- Overlay Wrapper --><!-- Overlay Wrapper Closed --> <\/a> <a title=\"For Children Herttua\" href=\"https:\/\/herttuahotel.com\/wp-content\/uploads\/2021\/10\/For-Children-Herttua.jpg\" data-fancybox=\"images\" data-caption=\"\" data-description=\"\"> <img loading=\"lazy\" decoding=\"async\" src=\"https:\/\/herttuahotel.com\/wp-content\/uploads\/2021\/10\/For-Children-Herttua.jpg\" alt=\"\" width=\"840\" height=\"460\" data-no-lazy=\"1\" \/> <!-- Overlay Wrapper --><!-- Overlay Wrapper Closed --> <\/a> <a title=\"Economy Double or Twin - 7\" href=\"https:\/\/herttuahotel.com\/wp-content\/uploads\/2022\/07\/Economy-Double-or-Twin-7-787x1024.jpg\" data-fancybox=\"images\" data-caption=\"\" data-description=\"\"> <img loading=\"lazy\" decoding=\"async\" src=\"https:\/\/herttuahotel.com\/wp-content\/uploads\/2022\/07\/Economy-Double-or-Twin-7-787x1024.jpg\" alt=\"\" width=\"787\" height=\"1024\" data-no-lazy=\"1\" \/> <!-- Overlay Wrapper --><!-- Overlay Wrapper Closed --> <\/a> <a title=\"Herttua Hotel Restaurant\" href=\"https:\/\/herttuahotel.com\/wp-content\/uploads\/2023\/11\/Herttua-Hotel-Restaurant-1024x683.jpg\" data-fancybox=\"images\" data-caption=\"\" data-description=\"\"> <img loading=\"lazy\" decoding=\"async\" src=\"https:\/\/herttuahotel.com\/wp-content\/uploads\/2023\/11\/Herttua-Hotel-Restaurant-1024x683.jpg\" alt=\"\" width=\"1024\" height=\"683\" data-no-lazy=\"1\" \/> <!-- Overlay Wrapper --><!-- Overlay Wrapper Closed --> <\/a> <a title=\"Herttua Spa\" href=\"https:\/\/herttuahotel.com\/wp-content\/uploads\/2023\/11\/Herttua-Spa-1024x682.jpg\" data-fancybox=\"images\" data-caption=\"\" data-description=\"\"> <img loading=\"lazy\" decoding=\"async\" src=\"https:\/\/herttuahotel.com\/wp-content\/uploads\/2023\/11\/Herttua-Spa-1024x682.jpg\" alt=\"\" width=\"1024\" height=\"682\" data-no-lazy=\"1\" \/> <!-- Overlay Wrapper --><!-- Overlay Wrapper Closed --> <\/a> <a title=\"Herttua Restaurant\" href=\"https:\/\/herttuahotel.com\/wp-content\/uploads\/2023\/11\/Herttua-Restaurant.jpg\" data-fancybox=\"images\" data-caption=\"\" data-description=\"\"> <img loading=\"lazy\" decoding=\"async\" src=\"https:\/\/herttuahotel.com\/wp-content\/uploads\/2023\/11\/Herttua-Restaurant.jpg\" alt=\"\" width=\"840\" height=\"460\" data-no-lazy=\"1\" \/> <!-- Overlay Wrapper --><!-- Overlay Wrapper Closed --> <\/a> <a title=\"Herttua Restaurant 3\" href=\"https:\/\/herttuahotel.com\/wp-content\/uploads\/2023\/11\/Herttua-Restaurant-3.jpg\" data-fancybox=\"images\" data-caption=\"\" data-description=\"\"> <img loading=\"lazy\" decoding=\"async\" src=\"https:\/\/herttuahotel.com\/wp-content\/uploads\/2023\/11\/Herttua-Restaurant-3.jpg\" alt=\"\" width=\"836\" height=\"768\" data-no-lazy=\"1\" \/> <!-- Overlay Wrapper --><!-- Overlay Wrapper Closed --> <\/a> <a title=\"Superior - 10\" href=\"https:\/\/herttuahotel.com\/wp-content\/uploads\/2021\/10\/Superior-10-768x1024.jpg\" data-fancybox=\"images\" data-caption=\"\" data-description=\"\"> <img loading=\"lazy\" decoding=\"async\" src=\"https:\/\/herttuahotel.com\/wp-content\/uploads\/2021\/10\/Superior-10-768x1024.jpg\" alt=\"\" width=\"768\" height=\"1024\" data-no-lazy=\"1\" \/> <!-- Overlay Wrapper --><!-- Overlay Wrapper Closed --> <\/a> <a title=\"Superior - 4\" href=\"https:\/\/herttuahotel.com\/wp-content\/uploads\/2021\/10\/Superior-4-1024x768.jpg\" data-fancybox=\"images\" data-caption=\"\" data-description=\"\"> <img loading=\"lazy\" decoding=\"async\" src=\"https:\/\/herttuahotel.com\/wp-content\/uploads\/2021\/10\/Superior-4-1024x768.jpg\" alt=\"\" width=\"1024\" height=\"768\" data-no-lazy=\"1\" \/> <!-- Overlay Wrapper --><!-- Overlay Wrapper Closed --> <\/a> <a title=\"Family Room - 6\" href=\"https:\/\/herttuahotel.com\/wp-content\/uploads\/2021\/10\/Family-Room-6-1024x768.jpg\" data-fancybox=\"images\" data-caption=\"\" data-description=\"\"> <img loading=\"lazy\" decoding=\"async\" src=\"https:\/\/herttuahotel.com\/wp-content\/uploads\/2021\/10\/Family-Room-6-1024x768.jpg\" alt=\"\" width=\"1024\" height=\"768\" data-no-lazy=\"1\" \/> <!-- Overlay Wrapper --><!-- Overlay Wrapper Closed --> <\/a><\/p>\r\n","protected":false},"excerpt":{"rendered":"<p>Katso videot alta Play Video Katso lis\u00e4\u00e4 Katso lis\u00e4\u00e4<\/p>\n","protected":false},"author":2,"featured_media":0,"parent":0,"menu_order":0,"comment_status":"closed","ping_status":"closed","template":"","meta":{"inline_featured_image":false,"footnotes":""},"class_list":["post-2191","page","type-page","status-publish","hentry"],"acf":[],"yoast_head":"<!-- This site is optimized with the Yoast SEO plugin v27.3 - https:\/\/yoast.com\/product\/yoast-seo-wordpress\/ -->\n<title>Herttua Hotel &amp; Spa<\/title>\n<meta name=\"robots\" content=\"index, follow, max-snippet:-1, max-image-preview:large, max-video-preview:-1\" \/>\n<link rel=\"canonical\" href=\"https:\/\/herttuahotel.com\/en\/\" \/>\n<meta property=\"og:locale\" content=\"en_US\" \/>\n<meta property=\"og:type\" content=\"article\" \/>\n<meta property=\"og:title\" content=\"Herttua Hotel &amp; Spa\" \/>\n<meta property=\"og:description\" content=\"Katso videot alta Play Video Katso lis\u00e4\u00e4 Katso lis\u00e4\u00e4\" \/>\n<meta property=\"og:url\" content=\"https:\/\/herttuahotel.com\/en\/\" \/>\n<meta property=\"og:site_name\" content=\"Herttua Hotel &amp; Spa\" \/>\n<meta property=\"article:modified_time\" content=\"2026-01-29T10:06:49+00:00\" \/>\n<meta property=\"og:image\" content=\"https:\/\/herttuahotel.com\/wp-content\/uploads\/2021\/10\/WhiteArrow.svg\" \/>\n<meta name=\"twitter:card\" content=\"summary_large_image\" \/>\n<meta name=\"twitter:label1\" content=\"Est. reading time\" \/>\n\t<meta name=\"twitter:data1\" content=\"7 minutes\" \/>\n<script type=\"application\/ld+json\" class=\"yoast-schema-graph\">{\"@context\":\"https:\\\/\\\/schema.org\",\"@graph\":[{\"@type\":\"WebPage\",\"@id\":\"https:\\\/\\\/herttuahotel.com\\\/en\\\/\",\"url\":\"https:\\\/\\\/herttuahotel.com\\\/en\\\/\",\"name\":\"Herttua Hotel & Spa\",\"isPartOf\":{\"@id\":\"https:\\\/\\\/herttuahotel.com\\\/#website\"},\"primaryImageOfPage\":{\"@id\":\"https:\\\/\\\/herttuahotel.com\\\/en\\\/#primaryimage\"},\"image\":{\"@id\":\"https:\\\/\\\/herttuahotel.com\\\/en\\\/#primaryimage\"},\"thumbnailUrl\":\"https:\\\/\\\/herttuahotel.com\\\/wp-content\\\/uploads\\\/2021\\\/10\\\/WhiteArrow.svg\",\"datePublished\":\"2020-03-18T20:21:19+00:00\",\"dateModified\":\"2026-01-29T10:06:49+00:00\",\"breadcrumb\":{\"@id\":\"https:\\\/\\\/herttuahotel.com\\\/en\\\/#breadcrumb\"},\"inLanguage\":\"en-US\",\"potentialAction\":[{\"@type\":\"ReadAction\",\"target\":[\"https:\\\/\\\/herttuahotel.com\\\/en\\\/\"]}]},{\"@type\":\"ImageObject\",\"inLanguage\":\"en-US\",\"@id\":\"https:\\\/\\\/herttuahotel.com\\\/en\\\/#primaryimage\",\"url\":\"https:\\\/\\\/herttuahotel.com\\\/wp-content\\\/uploads\\\/2021\\\/10\\\/WhiteArrow.svg\",\"contentUrl\":\"https:\\\/\\\/herttuahotel.com\\\/wp-content\\\/uploads\\\/2021\\\/10\\\/WhiteArrow.svg\"},{\"@type\":\"BreadcrumbList\",\"@id\":\"https:\\\/\\\/herttuahotel.com\\\/en\\\/#breadcrumb\",\"itemListElement\":[{\"@type\":\"ListItem\",\"position\":1,\"name\":\"Home\",\"item\":\"https:\\\/\\\/herttuahotel.com\\\/en\\\/\"},{\"@type\":\"ListItem\",\"position\":2,\"name\":\"Homepage\"}]},{\"@type\":\"WebSite\",\"@id\":\"https:\\\/\\\/herttuahotel.com\\\/#website\",\"url\":\"https:\\\/\\\/herttuahotel.com\\\/\",\"name\":\"Herttua Hotel &amp; Spa\",\"description\":\"\",\"publisher\":{\"@id\":\"https:\\\/\\\/herttuahotel.com\\\/#organization\"},\"potentialAction\":[{\"@type\":\"SearchAction\",\"target\":{\"@type\":\"EntryPoint\",\"urlTemplate\":\"https:\\\/\\\/herttuahotel.com\\\/?s={search_term_string}\"},\"query-input\":{\"@type\":\"PropertyValueSpecification\",\"valueRequired\":true,\"valueName\":\"search_term_string\"}}],\"inLanguage\":\"en-US\"},{\"@type\":\"Organization\",\"@id\":\"https:\\\/\\\/herttuahotel.com\\\/#organization\",\"name\":\"Beach Hotel Santalahti\",\"url\":\"https:\\\/\\\/herttuahotel.com\\\/\",\"logo\":{\"@type\":\"ImageObject\",\"inLanguage\":\"en-US\",\"@id\":\"https:\\\/\\\/herttuahotel.com\\\/#\\\/schema\\\/logo\\\/image\\\/\",\"url\":\"https:\\\/\\\/herttuahotel.com\\\/wp-content\\\/uploads\\\/2021\\\/10\\\/Beach-Hotel-Santalahti.jpg\",\"contentUrl\":\"https:\\\/\\\/herttuahotel.com\\\/wp-content\\\/uploads\\\/2021\\\/10\\\/Beach-Hotel-Santalahti.jpg\",\"width\":394,\"height\":282,\"caption\":\"Beach Hotel Santalahti\"},\"image\":{\"@id\":\"https:\\\/\\\/herttuahotel.com\\\/#\\\/schema\\\/logo\\\/image\\\/\"}}]}<\/script>\n<!-- \/ Yoast SEO plugin. -->","yoast_head_json":{"title":"Herttua Hotel & Spa","robots":{"index":"index","follow":"follow","max-snippet":"max-snippet:-1","max-image-preview":"max-image-preview:large","max-video-preview":"max-video-preview:-1"},"canonical":"https:\/\/herttuahotel.com\/en\/","og_locale":"en_US","og_type":"article","og_title":"Herttua Hotel & Spa","og_description":"Katso videot alta Play Video Katso lis\u00e4\u00e4 Katso lis\u00e4\u00e4","og_url":"https:\/\/herttuahotel.com\/en\/","og_site_name":"Herttua Hotel &amp; Spa","article_modified_time":"2026-01-29T10:06:49+00:00","og_image":[{"url":"https:\/\/herttuahotel.com\/wp-content\/uploads\/2021\/10\/WhiteArrow.svg","type":"","width":"","height":""}],"twitter_card":"summary_large_image","twitter_misc":{"Est. reading time":"7 minutes"},"schema":{"@context":"https:\/\/schema.org","@graph":[{"@type":"WebPage","@id":"https:\/\/herttuahotel.com\/en\/","url":"https:\/\/herttuahotel.com\/en\/","name":"Herttua Hotel & Spa","isPartOf":{"@id":"https:\/\/herttuahotel.com\/#website"},"primaryImageOfPage":{"@id":"https:\/\/herttuahotel.com\/en\/#primaryimage"},"image":{"@id":"https:\/\/herttuahotel.com\/en\/#primaryimage"},"thumbnailUrl":"https:\/\/herttuahotel.com\/wp-content\/uploads\/2021\/10\/WhiteArrow.svg","datePublished":"2020-03-18T20:21:19+00:00","dateModified":"2026-01-29T10:06:49+00:00","breadcrumb":{"@id":"https:\/\/herttuahotel.com\/en\/#breadcrumb"},"inLanguage":"en-US","potentialAction":[{"@type":"ReadAction","target":["https:\/\/herttuahotel.com\/en\/"]}]},{"@type":"ImageObject","inLanguage":"en-US","@id":"https:\/\/herttuahotel.com\/en\/#primaryimage","url":"https:\/\/herttuahotel.com\/wp-content\/uploads\/2021\/10\/WhiteArrow.svg","contentUrl":"https:\/\/herttuahotel.com\/wp-content\/uploads\/2021\/10\/WhiteArrow.svg"},{"@type":"BreadcrumbList","@id":"https:\/\/herttuahotel.com\/en\/#breadcrumb","itemListElement":[{"@type":"ListItem","position":1,"name":"Home","item":"https:\/\/herttuahotel.com\/en\/"},{"@type":"ListItem","position":2,"name":"Homepage"}]},{"@type":"WebSite","@id":"https:\/\/herttuahotel.com\/#website","url":"https:\/\/herttuahotel.com\/","name":"Herttua Hotel &amp; Spa","description":"","publisher":{"@id":"https:\/\/herttuahotel.com\/#organization"},"potentialAction":[{"@type":"SearchAction","target":{"@type":"EntryPoint","urlTemplate":"https:\/\/herttuahotel.com\/?s={search_term_string}"},"query-input":{"@type":"PropertyValueSpecification","valueRequired":true,"valueName":"search_term_string"}}],"inLanguage":"en-US"},{"@type":"Organization","@id":"https:\/\/herttuahotel.com\/#organization","name":"Beach Hotel Santalahti","url":"https:\/\/herttuahotel.com\/","logo":{"@type":"ImageObject","inLanguage":"en-US","@id":"https:\/\/herttuahotel.com\/#\/schema\/logo\/image\/","url":"https:\/\/herttuahotel.com\/wp-content\/uploads\/2021\/10\/Beach-Hotel-Santalahti.jpg","contentUrl":"https:\/\/herttuahotel.com\/wp-content\/uploads\/2021\/10\/Beach-Hotel-Santalahti.jpg","width":394,"height":282,"caption":"Beach Hotel Santalahti"},"image":{"@id":"https:\/\/herttuahotel.com\/#\/schema\/logo\/image\/"}}]}},"publishpress_future_workflow_manual_trigger":{"enabledWorkflows":[]},"_links":{"self":[{"href":"https:\/\/herttuahotel.com\/en\/wp-json\/wp\/v2\/pages\/2191","targetHints":{"allow":["GET"]}}],"collection":[{"href":"https:\/\/herttuahotel.com\/en\/wp-json\/wp\/v2\/pages"}],"about":[{"href":"https:\/\/herttuahotel.com\/en\/wp-json\/wp\/v2\/types\/page"}],"author":[{"embeddable":true,"href":"https:\/\/herttuahotel.com\/en\/wp-json\/wp\/v2\/users\/2"}],"replies":[{"embeddable":true,"href":"https:\/\/herttuahotel.com\/en\/wp-json\/wp\/v2\/comments?post=2191"}],"version-history":[{"count":12,"href":"https:\/\/herttuahotel.com\/en\/wp-json\/wp\/v2\/pages\/2191\/revisions"}],"predecessor-version":[{"id":2399,"href":"https:\/\/herttuahotel.com\/en\/wp-json\/wp\/v2\/pages\/2191\/revisions\/2399"}],"wp:attachment":[{"href":"https:\/\/herttuahotel.com\/en\/wp-json\/wp\/v2\/media?parent=2191"}],"curies":[{"name":"wp","href":"https:\/\/api.w.org\/{rel}","templated":true}]}}