{"id":2233,"date":"2021-10-26T09:08:59","date_gmt":"2021-10-26T09:08:59","guid":{"rendered":"https:\/\/herttuahotel.com\/ravintola\/"},"modified":"2023-12-08T13:55:17","modified_gmt":"2023-12-08T10:55:17","slug":"restaurant","status":"publish","type":"page","link":"https:\/\/herttuahotel.com\/en\/restaurant\/","title":{"rendered":"Restaurant"},"content":{"rendered":"\n\n    <h1><\/h1>\n    <hr \/>\n    \n    <h2>Opening hours<\/h2>\n\t<p>Tervetuloa ihastuttavaan j\u00e4rvenrantaravintolaamme, jossa tarjoamme todella ainutlaatuisen ruokailuel\u00e4myksen ei yhdell\u00e4, vaan kahdella vieh\u00e4tt\u00e4v\u00e4ll\u00e4 terassilla, jolta on n\u00e4kym\u00e4t vieh\u00e4tt\u00e4v\u00e4lle j\u00e4rvelle. Astu ulos luontoterassillemme, rauhalliselle keitaalle, jossa voit nauttia ateriaasi ymp\u00e4r\u00f6iv\u00e4n mets\u00e4n ja j\u00e4rven rauhoittavien vesien keskell\u00e4. Jos haluat eloisamman ymp\u00e4rist\u00f6n, suuntaa juhlaterassillemme, jossa rytmiset musiikin rytmit luovat eloisan tunnelman, joka on t\u00e4ydellinen niille, jotka haluavat nauttia energisemmist\u00e4 ruokailukokemuksista. Valinta on sinun &#8211; haluatko uppoutua luonnon rauhaan tai ihailla juhlaterassimme vilkasta tunnelmaa. Jos pid\u00e4t mieluummin sis\u00e4tiloista, ravintolamme kutsuva tunnelma odottaa sinua, varmistaen sinulle ikimuistoisen aterian herkullisine ruokineen jokaiseen makuun. Mit\u00e4 tahansa haluatkin, kutsumme sinut nauttimaan upeista n\u00e4kymist\u00e4 ja kulinaarisista herkuista j\u00e4rvenrantaravintolassamme.<\/p>\n\n\t\t\t<a href=\"https:\/\/herttuahotel.com\/en\/contact\/\" target=\"_self\" rel=\"noopener\">\n\t\t\t\t\t\t\tSee more\n\t\t\t\t\t<\/a>\n\n","protected":false},"excerpt":{"rendered":"<p>Opening hours Tervetuloa ihastuttavaan j\u00e4rvenrantaravintolaamme, jossa tarjoamme todella ainutlaatuisen ruokailuel\u00e4myksen ei yhdell\u00e4, vaan kahdella vieh\u00e4tt\u00e4v\u00e4ll\u00e4 terassilla, jolta on n\u00e4kym\u00e4t vieh\u00e4tt\u00e4v\u00e4lle j\u00e4rvelle. Astu ulos luontoterassillemme, rauhalliselle keitaalle, jossa voit nauttia ateriaasi ymp\u00e4r\u00f6iv\u00e4n mets\u00e4n ja j\u00e4rven rauhoittavien vesien keskell\u00e4. Jos haluat eloisamman ymp\u00e4rist\u00f6n, suuntaa juhlaterassillemme, jossa rytmiset musiikin rytmit luovat eloisan tunnelman, joka on t\u00e4ydellinen niille, jotka&hellip;<\/p>\n","protected":false},"author":2,"featured_media":1842,"parent":0,"menu_order":0,"comment_status":"closed","ping_status":"closed","template":"","meta":{"inline_featured_image":false,"footnotes":""},"class_list":["post-2233","page","type-page","status-publish","has-post-thumbnail","hentry"],"acf":[],"yoast_head":"<!-- This site is optimized with the Yoast SEO plugin v27.3 - https:\/\/yoast.com\/product\/yoast-seo-wordpress\/ -->\n<title>Restaurant - Herttua Hotel &amp; Spa<\/title>\n<meta name=\"robots\" content=\"index, follow, max-snippet:-1, max-image-preview:large, max-video-preview:-1\" \/>\n<link rel=\"canonical\" href=\"https:\/\/herttuahotel.com\/en\/restaurant\/\" \/>\n<meta property=\"og:locale\" content=\"en_US\" \/>\n<meta property=\"og:type\" content=\"article\" \/>\n<meta property=\"og:title\" content=\"Restaurant - Herttua Hotel &amp; Spa\" \/>\n<meta property=\"og:description\" content=\"Opening hours Tervetuloa ihastuttavaan j\u00e4rvenrantaravintolaamme, jossa tarjoamme todella ainutlaatuisen ruokailuel\u00e4myksen ei yhdell\u00e4, vaan kahdella vieh\u00e4tt\u00e4v\u00e4ll\u00e4 terassilla, jolta on n\u00e4kym\u00e4t vieh\u00e4tt\u00e4v\u00e4lle j\u00e4rvelle. Astu ulos luontoterassillemme, rauhalliselle keitaalle, jossa voit nauttia ateriaasi ymp\u00e4r\u00f6iv\u00e4n mets\u00e4n ja j\u00e4rven rauhoittavien vesien keskell\u00e4. Jos haluat eloisamman ymp\u00e4rist\u00f6n, suuntaa juhlaterassillemme, jossa rytmiset musiikin rytmit luovat eloisan tunnelman, joka on t\u00e4ydellinen niille, jotka&hellip;\" \/>\n<meta property=\"og:url\" content=\"https:\/\/herttuahotel.com\/en\/restaurant\/\" \/>\n<meta property=\"og:site_name\" content=\"Herttua Hotel &amp; Spa\" \/>\n<meta property=\"article:modified_time\" content=\"2023-12-08T10:55:17+00:00\" \/>\n<meta property=\"og:image\" content=\"https:\/\/herttuahotel.com\/wp-content\/uploads\/2023\/11\/Herttua-Restaurant-Beach.jpg\" \/>\n\t<meta property=\"og:image:width\" content=\"2000\" \/>\n\t<meta property=\"og:image:height\" content=\"1333\" \/>\n\t<meta property=\"og:image:type\" content=\"image\/jpeg\" \/>\n<meta name=\"twitter:card\" content=\"summary_large_image\" \/>\n<meta name=\"twitter:label1\" content=\"Est. reading time\" \/>\n\t<meta name=\"twitter:data1\" content=\"1 minute\" \/>\n<script type=\"application\/ld+json\" class=\"yoast-schema-graph\">{\"@context\":\"https:\\\/\\\/schema.org\",\"@graph\":[{\"@type\":\"WebPage\",\"@id\":\"https:\\\/\\\/herttuahotel.com\\\/en\\\/restaurant\\\/\",\"url\":\"https:\\\/\\\/herttuahotel.com\\\/en\\\/restaurant\\\/\",\"name\":\"Restaurant - Herttua Hotel &amp; Spa\",\"isPartOf\":{\"@id\":\"https:\\\/\\\/herttuahotel.com\\\/#website\"},\"primaryImageOfPage\":{\"@id\":\"https:\\\/\\\/herttuahotel.com\\\/en\\\/restaurant\\\/#primaryimage\"},\"image\":{\"@id\":\"https:\\\/\\\/herttuahotel.com\\\/en\\\/restaurant\\\/#primaryimage\"},\"thumbnailUrl\":\"https:\\\/\\\/herttuahotel.com\\\/wp-content\\\/uploads\\\/2023\\\/11\\\/Herttua-Restaurant-Beach.jpg\",\"datePublished\":\"2021-10-26T09:08:59+00:00\",\"dateModified\":\"2023-12-08T10:55:17+00:00\",\"breadcrumb\":{\"@id\":\"https:\\\/\\\/herttuahotel.com\\\/en\\\/restaurant\\\/#breadcrumb\"},\"inLanguage\":\"en-US\",\"potentialAction\":[{\"@type\":\"ReadAction\",\"target\":[\"https:\\\/\\\/herttuahotel.com\\\/en\\\/restaurant\\\/\"]}]},{\"@type\":\"ImageObject\",\"inLanguage\":\"en-US\",\"@id\":\"https:\\\/\\\/herttuahotel.com\\\/en\\\/restaurant\\\/#primaryimage\",\"url\":\"https:\\\/\\\/herttuahotel.com\\\/wp-content\\\/uploads\\\/2023\\\/11\\\/Herttua-Restaurant-Beach.jpg\",\"contentUrl\":\"https:\\\/\\\/herttuahotel.com\\\/wp-content\\\/uploads\\\/2023\\\/11\\\/Herttua-Restaurant-Beach.jpg\",\"width\":2000,\"height\":1333},{\"@type\":\"BreadcrumbList\",\"@id\":\"https:\\\/\\\/herttuahotel.com\\\/en\\\/restaurant\\\/#breadcrumb\",\"itemListElement\":[{\"@type\":\"ListItem\",\"position\":1,\"name\":\"Home\",\"item\":\"https:\\\/\\\/herttuahotel.com\\\/en\\\/\"},{\"@type\":\"ListItem\",\"position\":2,\"name\":\"Restaurant\"}]},{\"@type\":\"WebSite\",\"@id\":\"https:\\\/\\\/herttuahotel.com\\\/#website\",\"url\":\"https:\\\/\\\/herttuahotel.com\\\/\",\"name\":\"Herttua Hotel &amp; Spa\",\"description\":\"\",\"publisher\":{\"@id\":\"https:\\\/\\\/herttuahotel.com\\\/#organization\"},\"potentialAction\":[{\"@type\":\"SearchAction\",\"target\":{\"@type\":\"EntryPoint\",\"urlTemplate\":\"https:\\\/\\\/herttuahotel.com\\\/?s={search_term_string}\"},\"query-input\":{\"@type\":\"PropertyValueSpecification\",\"valueRequired\":true,\"valueName\":\"search_term_string\"}}],\"inLanguage\":\"en-US\"},{\"@type\":\"Organization\",\"@id\":\"https:\\\/\\\/herttuahotel.com\\\/#organization\",\"name\":\"Beach Hotel Santalahti\",\"url\":\"https:\\\/\\\/herttuahotel.com\\\/\",\"logo\":{\"@type\":\"ImageObject\",\"inLanguage\":\"en-US\",\"@id\":\"https:\\\/\\\/herttuahotel.com\\\/#\\\/schema\\\/logo\\\/image\\\/\",\"url\":\"https:\\\/\\\/herttuahotel.com\\\/wp-content\\\/uploads\\\/2021\\\/10\\\/Beach-Hotel-Santalahti.jpg\",\"contentUrl\":\"https:\\\/\\\/herttuahotel.com\\\/wp-content\\\/uploads\\\/2021\\\/10\\\/Beach-Hotel-Santalahti.jpg\",\"width\":394,\"height\":282,\"caption\":\"Beach Hotel Santalahti\"},\"image\":{\"@id\":\"https:\\\/\\\/herttuahotel.com\\\/#\\\/schema\\\/logo\\\/image\\\/\"}}]}<\/script>\n<!-- \/ Yoast SEO plugin. -->","yoast_head_json":{"title":"Restaurant - Herttua Hotel &amp; Spa","robots":{"index":"index","follow":"follow","max-snippet":"max-snippet:-1","max-image-preview":"max-image-preview:large","max-video-preview":"max-video-preview:-1"},"canonical":"https:\/\/herttuahotel.com\/en\/restaurant\/","og_locale":"en_US","og_type":"article","og_title":"Restaurant - Herttua Hotel &amp; Spa","og_description":"Opening hours Tervetuloa ihastuttavaan j\u00e4rvenrantaravintolaamme, jossa tarjoamme todella ainutlaatuisen ruokailuel\u00e4myksen ei yhdell\u00e4, vaan kahdella vieh\u00e4tt\u00e4v\u00e4ll\u00e4 terassilla, jolta on n\u00e4kym\u00e4t vieh\u00e4tt\u00e4v\u00e4lle j\u00e4rvelle. Astu ulos luontoterassillemme, rauhalliselle keitaalle, jossa voit nauttia ateriaasi ymp\u00e4r\u00f6iv\u00e4n mets\u00e4n ja j\u00e4rven rauhoittavien vesien keskell\u00e4. Jos haluat eloisamman ymp\u00e4rist\u00f6n, suuntaa juhlaterassillemme, jossa rytmiset musiikin rytmit luovat eloisan tunnelman, joka on t\u00e4ydellinen niille, jotka&hellip;","og_url":"https:\/\/herttuahotel.com\/en\/restaurant\/","og_site_name":"Herttua Hotel &amp; Spa","article_modified_time":"2023-12-08T10:55:17+00:00","og_image":[{"width":2000,"height":1333,"url":"https:\/\/herttuahotel.com\/wp-content\/uploads\/2023\/11\/Herttua-Restaurant-Beach.jpg","type":"image\/jpeg"}],"twitter_card":"summary_large_image","twitter_misc":{"Est. reading time":"1 minute"},"schema":{"@context":"https:\/\/schema.org","@graph":[{"@type":"WebPage","@id":"https:\/\/herttuahotel.com\/en\/restaurant\/","url":"https:\/\/herttuahotel.com\/en\/restaurant\/","name":"Restaurant - Herttua Hotel &amp; Spa","isPartOf":{"@id":"https:\/\/herttuahotel.com\/#website"},"primaryImageOfPage":{"@id":"https:\/\/herttuahotel.com\/en\/restaurant\/#primaryimage"},"image":{"@id":"https:\/\/herttuahotel.com\/en\/restaurant\/#primaryimage"},"thumbnailUrl":"https:\/\/herttuahotel.com\/wp-content\/uploads\/2023\/11\/Herttua-Restaurant-Beach.jpg","datePublished":"2021-10-26T09:08:59+00:00","dateModified":"2023-12-08T10:55:17+00:00","breadcrumb":{"@id":"https:\/\/herttuahotel.com\/en\/restaurant\/#breadcrumb"},"inLanguage":"en-US","potentialAction":[{"@type":"ReadAction","target":["https:\/\/herttuahotel.com\/en\/restaurant\/"]}]},{"@type":"ImageObject","inLanguage":"en-US","@id":"https:\/\/herttuahotel.com\/en\/restaurant\/#primaryimage","url":"https:\/\/herttuahotel.com\/wp-content\/uploads\/2023\/11\/Herttua-Restaurant-Beach.jpg","contentUrl":"https:\/\/herttuahotel.com\/wp-content\/uploads\/2023\/11\/Herttua-Restaurant-Beach.jpg","width":2000,"height":1333},{"@type":"BreadcrumbList","@id":"https:\/\/herttuahotel.com\/en\/restaurant\/#breadcrumb","itemListElement":[{"@type":"ListItem","position":1,"name":"Home","item":"https:\/\/herttuahotel.com\/en\/"},{"@type":"ListItem","position":2,"name":"Restaurant"}]},{"@type":"WebSite","@id":"https:\/\/herttuahotel.com\/#website","url":"https:\/\/herttuahotel.com\/","name":"Herttua Hotel &amp; Spa","description":"","publisher":{"@id":"https:\/\/herttuahotel.com\/#organization"},"potentialAction":[{"@type":"SearchAction","target":{"@type":"EntryPoint","urlTemplate":"https:\/\/herttuahotel.com\/?s={search_term_string}"},"query-input":{"@type":"PropertyValueSpecification","valueRequired":true,"valueName":"search_term_string"}}],"inLanguage":"en-US"},{"@type":"Organization","@id":"https:\/\/herttuahotel.com\/#organization","name":"Beach Hotel Santalahti","url":"https:\/\/herttuahotel.com\/","logo":{"@type":"ImageObject","inLanguage":"en-US","@id":"https:\/\/herttuahotel.com\/#\/schema\/logo\/image\/","url":"https:\/\/herttuahotel.com\/wp-content\/uploads\/2021\/10\/Beach-Hotel-Santalahti.jpg","contentUrl":"https:\/\/herttuahotel.com\/wp-content\/uploads\/2021\/10\/Beach-Hotel-Santalahti.jpg","width":394,"height":282,"caption":"Beach Hotel Santalahti"},"image":{"@id":"https:\/\/herttuahotel.com\/#\/schema\/logo\/image\/"}}]}},"publishpress_future_workflow_manual_trigger":{"enabledWorkflows":[]},"_links":{"self":[{"href":"https:\/\/herttuahotel.com\/en\/wp-json\/wp\/v2\/pages\/2233","targetHints":{"allow":["GET"]}}],"collection":[{"href":"https:\/\/herttuahotel.com\/en\/wp-json\/wp\/v2\/pages"}],"about":[{"href":"https:\/\/herttuahotel.com\/en\/wp-json\/wp\/v2\/types\/page"}],"author":[{"embeddable":true,"href":"https:\/\/herttuahotel.com\/en\/wp-json\/wp\/v2\/users\/2"}],"replies":[{"embeddable":true,"href":"https:\/\/herttuahotel.com\/en\/wp-json\/wp\/v2\/comments?post=2233"}],"version-history":[{"count":3,"href":"https:\/\/herttuahotel.com\/en\/wp-json\/wp\/v2\/pages\/2233\/revisions"}],"predecessor-version":[{"id":2236,"href":"https:\/\/herttuahotel.com\/en\/wp-json\/wp\/v2\/pages\/2233\/revisions\/2236"}],"wp:featuredmedia":[{"embeddable":true,"href":"https:\/\/herttuahotel.com\/en\/wp-json\/wp\/v2\/media\/1842"}],"wp:attachment":[{"href":"https:\/\/herttuahotel.com\/en\/wp-json\/wp\/v2\/media?parent=2233"}],"curies":[{"name":"wp","href":"https:\/\/api.w.org\/{rel}","templated":true}]}}