{"id":2245,"date":"2021-10-26T08:08:01","date_gmt":"2021-10-26T08:08:01","guid":{"rendered":"https:\/\/herttuahotel.com\/aktiviteetit\/"},"modified":"2024-08-05T11:33:15","modified_gmt":"2024-08-05T08:33:15","slug":"activities","status":"publish","type":"page","link":"https:\/\/herttuahotel.com\/en\/activities\/","title":{"rendered":"Activities"},"content":{"rendered":"\r\n<h1><\/h1>\r\n<hr \/>\r\n\r\n<p>Luonnon koskemattoman kauneuden ja kirkkaimpien j\u00e4rvien keskell\u00e4 sijaitsevassa Herttua Hotel &amp; Spassa vieraille tarjotaan monia j\u00e4nnitt\u00e4vi\u00e4 aktiviteetteja, jotka tekev\u00e4t vierailustaan todella unohtumattoman. Luonnonharrastajia odottavat py\u00f6r\u00e4ily- ja vaellusreitit, jotka johtavat seikkailijoita kauniiden maisemien halki ja tarjoavat mahdollisuuksia olla yhteydess\u00e4 luontoon. Kristallinkirkas j\u00e4rvi houkuttelee vieraita virkist\u00e4ytym\u00e4\u00e4n uimiseen tai rennompaan kokemukseen, melonta ja SUP-lautojen k\u00e4ytt\u00f6 mahdollistavat rauhallisen tutkimisen seesteisiin vesiin. Yst\u00e4v\u00e4llist\u00e4 kilpailua etsiville hotelli tarjoaa rantalentopallokent\u00e4n, jossa vieraat voivat osallistua j\u00e4nnitt\u00e4viin otteluihin nauttien j\u00e4rvimaisemista. Liikkuminen on helppoa t\u00e4ysin varustetulla kuntosalilla, joka palvelee kuntoilun harrastajia. Rentouttavamman kokemuksen saamiseksi voit vuokrata polkuveneit\u00e4, joiden avulla asiakkaat voivat meloa rauhassa j\u00e4rven rauhallisilla rannoilla.<\/p>\r\n<p>Herttua Hotel &amp; Spa tarjoaa runsaasti aktiviteetteja, ja se lupaa virkist\u00e4v\u00e4n ja virkist\u00e4v\u00e4n retriitin kaikille vierailijoille.<\/p>\r\n","protected":false},"excerpt":{"rendered":"<p>Luonnon koskemattoman kauneuden ja kirkkaimpien j\u00e4rvien keskell\u00e4 sijaitsevassa Herttua Hotel &amp; Spassa vieraille tarjotaan monia j\u00e4nnitt\u00e4vi\u00e4 aktiviteetteja, jotka tekev\u00e4t vierailustaan todella unohtumattoman. Luonnonharrastajia odottavat py\u00f6r\u00e4ily- ja vaellusreitit, jotka johtavat seikkailijoita kauniiden maisemien halki ja tarjoavat mahdollisuuksia olla yhteydess\u00e4 luontoon. Kristallinkirkas j\u00e4rvi houkuttelee vieraita virkist\u00e4ytym\u00e4\u00e4n uimiseen tai rennompaan kokemukseen, melonta ja SUP-lautojen k\u00e4ytt\u00f6 mahdollistavat rauhallisen tutkimisen&hellip;<\/p>\n","protected":false},"author":2,"featured_media":1835,"parent":0,"menu_order":0,"comment_status":"closed","ping_status":"closed","template":"","meta":{"inline_featured_image":false,"footnotes":""},"class_list":["post-2245","page","type-page","status-publish","has-post-thumbnail","hentry"],"acf":[],"yoast_head":"<!-- This site is optimized with the Yoast SEO plugin v27.3 - https:\/\/yoast.com\/product\/yoast-seo-wordpress\/ -->\n<title>Activities - Herttua Hotel &amp; Spa<\/title>\n<meta name=\"robots\" content=\"index, follow, max-snippet:-1, max-image-preview:large, max-video-preview:-1\" \/>\n<link rel=\"canonical\" href=\"https:\/\/herttuahotel.com\/en\/activities\/\" \/>\n<meta property=\"og:locale\" content=\"en_US\" \/>\n<meta property=\"og:type\" content=\"article\" \/>\n<meta property=\"og:title\" content=\"Activities - Herttua Hotel &amp; Spa\" \/>\n<meta property=\"og:description\" content=\"Luonnon koskemattoman kauneuden ja kirkkaimpien j\u00e4rvien keskell\u00e4 sijaitsevassa Herttua Hotel &amp; Spassa vieraille tarjotaan monia j\u00e4nnitt\u00e4vi\u00e4 aktiviteetteja, jotka tekev\u00e4t vierailustaan todella unohtumattoman. Luonnonharrastajia odottavat py\u00f6r\u00e4ily- ja vaellusreitit, jotka johtavat seikkailijoita kauniiden maisemien halki ja tarjoavat mahdollisuuksia olla yhteydess\u00e4 luontoon. Kristallinkirkas j\u00e4rvi houkuttelee vieraita virkist\u00e4ytym\u00e4\u00e4n uimiseen tai rennompaan kokemukseen, melonta ja SUP-lautojen k\u00e4ytt\u00f6 mahdollistavat rauhallisen tutkimisen&hellip;\" \/>\n<meta property=\"og:url\" content=\"https:\/\/herttuahotel.com\/en\/activities\/\" \/>\n<meta property=\"og:site_name\" content=\"Herttua Hotel &amp; Spa\" \/>\n<meta property=\"article:modified_time\" content=\"2024-08-05T08:33:15+00:00\" \/>\n<meta property=\"og:image\" content=\"https:\/\/herttuahotel.com\/wp-content\/uploads\/2023\/11\/HerttuaHotel.jpg\" \/>\n\t<meta property=\"og:image:width\" content=\"2000\" \/>\n\t<meta property=\"og:image:height\" content=\"1124\" \/>\n\t<meta property=\"og:image:type\" content=\"image\/jpeg\" \/>\n<meta name=\"twitter:card\" content=\"summary_large_image\" \/>\n<meta name=\"twitter:label1\" content=\"Est. reading time\" \/>\n\t<meta name=\"twitter:data1\" content=\"1 minute\" \/>\n<script type=\"application\/ld+json\" class=\"yoast-schema-graph\">{\"@context\":\"https:\\\/\\\/schema.org\",\"@graph\":[{\"@type\":\"WebPage\",\"@id\":\"https:\\\/\\\/herttuahotel.com\\\/en\\\/activities\\\/\",\"url\":\"https:\\\/\\\/herttuahotel.com\\\/en\\\/activities\\\/\",\"name\":\"Activities - Herttua Hotel &amp; Spa\",\"isPartOf\":{\"@id\":\"https:\\\/\\\/herttuahotel.com\\\/#website\"},\"primaryImageOfPage\":{\"@id\":\"https:\\\/\\\/herttuahotel.com\\\/en\\\/activities\\\/#primaryimage\"},\"image\":{\"@id\":\"https:\\\/\\\/herttuahotel.com\\\/en\\\/activities\\\/#primaryimage\"},\"thumbnailUrl\":\"https:\\\/\\\/herttuahotel.com\\\/wp-content\\\/uploads\\\/2023\\\/11\\\/HerttuaHotel.jpg\",\"datePublished\":\"2021-10-26T08:08:01+00:00\",\"dateModified\":\"2024-08-05T08:33:15+00:00\",\"breadcrumb\":{\"@id\":\"https:\\\/\\\/herttuahotel.com\\\/en\\\/activities\\\/#breadcrumb\"},\"inLanguage\":\"en-US\",\"potentialAction\":[{\"@type\":\"ReadAction\",\"target\":[\"https:\\\/\\\/herttuahotel.com\\\/en\\\/activities\\\/\"]}]},{\"@type\":\"ImageObject\",\"inLanguage\":\"en-US\",\"@id\":\"https:\\\/\\\/herttuahotel.com\\\/en\\\/activities\\\/#primaryimage\",\"url\":\"https:\\\/\\\/herttuahotel.com\\\/wp-content\\\/uploads\\\/2023\\\/11\\\/HerttuaHotel.jpg\",\"contentUrl\":\"https:\\\/\\\/herttuahotel.com\\\/wp-content\\\/uploads\\\/2023\\\/11\\\/HerttuaHotel.jpg\",\"width\":2000,\"height\":1124},{\"@type\":\"BreadcrumbList\",\"@id\":\"https:\\\/\\\/herttuahotel.com\\\/en\\\/activities\\\/#breadcrumb\",\"itemListElement\":[{\"@type\":\"ListItem\",\"position\":1,\"name\":\"Home\",\"item\":\"https:\\\/\\\/herttuahotel.com\\\/en\\\/\"},{\"@type\":\"ListItem\",\"position\":2,\"name\":\"Activities\"}]},{\"@type\":\"WebSite\",\"@id\":\"https:\\\/\\\/herttuahotel.com\\\/#website\",\"url\":\"https:\\\/\\\/herttuahotel.com\\\/\",\"name\":\"Herttua Hotel &amp; Spa\",\"description\":\"\",\"publisher\":{\"@id\":\"https:\\\/\\\/herttuahotel.com\\\/#organization\"},\"potentialAction\":[{\"@type\":\"SearchAction\",\"target\":{\"@type\":\"EntryPoint\",\"urlTemplate\":\"https:\\\/\\\/herttuahotel.com\\\/?s={search_term_string}\"},\"query-input\":{\"@type\":\"PropertyValueSpecification\",\"valueRequired\":true,\"valueName\":\"search_term_string\"}}],\"inLanguage\":\"en-US\"},{\"@type\":\"Organization\",\"@id\":\"https:\\\/\\\/herttuahotel.com\\\/#organization\",\"name\":\"Beach Hotel Santalahti\",\"url\":\"https:\\\/\\\/herttuahotel.com\\\/\",\"logo\":{\"@type\":\"ImageObject\",\"inLanguage\":\"en-US\",\"@id\":\"https:\\\/\\\/herttuahotel.com\\\/#\\\/schema\\\/logo\\\/image\\\/\",\"url\":\"https:\\\/\\\/herttuahotel.com\\\/wp-content\\\/uploads\\\/2021\\\/10\\\/Beach-Hotel-Santalahti.jpg\",\"contentUrl\":\"https:\\\/\\\/herttuahotel.com\\\/wp-content\\\/uploads\\\/2021\\\/10\\\/Beach-Hotel-Santalahti.jpg\",\"width\":394,\"height\":282,\"caption\":\"Beach Hotel Santalahti\"},\"image\":{\"@id\":\"https:\\\/\\\/herttuahotel.com\\\/#\\\/schema\\\/logo\\\/image\\\/\"}}]}<\/script>\n<!-- \/ Yoast SEO plugin. -->","yoast_head_json":{"title":"Activities - Herttua Hotel &amp; Spa","robots":{"index":"index","follow":"follow","max-snippet":"max-snippet:-1","max-image-preview":"max-image-preview:large","max-video-preview":"max-video-preview:-1"},"canonical":"https:\/\/herttuahotel.com\/en\/activities\/","og_locale":"en_US","og_type":"article","og_title":"Activities - Herttua Hotel &amp; Spa","og_description":"Luonnon koskemattoman kauneuden ja kirkkaimpien j\u00e4rvien keskell\u00e4 sijaitsevassa Herttua Hotel &amp; Spassa vieraille tarjotaan monia j\u00e4nnitt\u00e4vi\u00e4 aktiviteetteja, jotka tekev\u00e4t vierailustaan todella unohtumattoman. Luonnonharrastajia odottavat py\u00f6r\u00e4ily- ja vaellusreitit, jotka johtavat seikkailijoita kauniiden maisemien halki ja tarjoavat mahdollisuuksia olla yhteydess\u00e4 luontoon. Kristallinkirkas j\u00e4rvi houkuttelee vieraita virkist\u00e4ytym\u00e4\u00e4n uimiseen tai rennompaan kokemukseen, melonta ja SUP-lautojen k\u00e4ytt\u00f6 mahdollistavat rauhallisen tutkimisen&hellip;","og_url":"https:\/\/herttuahotel.com\/en\/activities\/","og_site_name":"Herttua Hotel &amp; Spa","article_modified_time":"2024-08-05T08:33:15+00:00","og_image":[{"width":2000,"height":1124,"url":"https:\/\/herttuahotel.com\/wp-content\/uploads\/2023\/11\/HerttuaHotel.jpg","type":"image\/jpeg"}],"twitter_card":"summary_large_image","twitter_misc":{"Est. reading time":"1 minute"},"schema":{"@context":"https:\/\/schema.org","@graph":[{"@type":"WebPage","@id":"https:\/\/herttuahotel.com\/en\/activities\/","url":"https:\/\/herttuahotel.com\/en\/activities\/","name":"Activities - Herttua Hotel &amp; Spa","isPartOf":{"@id":"https:\/\/herttuahotel.com\/#website"},"primaryImageOfPage":{"@id":"https:\/\/herttuahotel.com\/en\/activities\/#primaryimage"},"image":{"@id":"https:\/\/herttuahotel.com\/en\/activities\/#primaryimage"},"thumbnailUrl":"https:\/\/herttuahotel.com\/wp-content\/uploads\/2023\/11\/HerttuaHotel.jpg","datePublished":"2021-10-26T08:08:01+00:00","dateModified":"2024-08-05T08:33:15+00:00","breadcrumb":{"@id":"https:\/\/herttuahotel.com\/en\/activities\/#breadcrumb"},"inLanguage":"en-US","potentialAction":[{"@type":"ReadAction","target":["https:\/\/herttuahotel.com\/en\/activities\/"]}]},{"@type":"ImageObject","inLanguage":"en-US","@id":"https:\/\/herttuahotel.com\/en\/activities\/#primaryimage","url":"https:\/\/herttuahotel.com\/wp-content\/uploads\/2023\/11\/HerttuaHotel.jpg","contentUrl":"https:\/\/herttuahotel.com\/wp-content\/uploads\/2023\/11\/HerttuaHotel.jpg","width":2000,"height":1124},{"@type":"BreadcrumbList","@id":"https:\/\/herttuahotel.com\/en\/activities\/#breadcrumb","itemListElement":[{"@type":"ListItem","position":1,"name":"Home","item":"https:\/\/herttuahotel.com\/en\/"},{"@type":"ListItem","position":2,"name":"Activities"}]},{"@type":"WebSite","@id":"https:\/\/herttuahotel.com\/#website","url":"https:\/\/herttuahotel.com\/","name":"Herttua Hotel &amp; Spa","description":"","publisher":{"@id":"https:\/\/herttuahotel.com\/#organization"},"potentialAction":[{"@type":"SearchAction","target":{"@type":"EntryPoint","urlTemplate":"https:\/\/herttuahotel.com\/?s={search_term_string}"},"query-input":{"@type":"PropertyValueSpecification","valueRequired":true,"valueName":"search_term_string"}}],"inLanguage":"en-US"},{"@type":"Organization","@id":"https:\/\/herttuahotel.com\/#organization","name":"Beach Hotel Santalahti","url":"https:\/\/herttuahotel.com\/","logo":{"@type":"ImageObject","inLanguage":"en-US","@id":"https:\/\/herttuahotel.com\/#\/schema\/logo\/image\/","url":"https:\/\/herttuahotel.com\/wp-content\/uploads\/2021\/10\/Beach-Hotel-Santalahti.jpg","contentUrl":"https:\/\/herttuahotel.com\/wp-content\/uploads\/2021\/10\/Beach-Hotel-Santalahti.jpg","width":394,"height":282,"caption":"Beach Hotel Santalahti"},"image":{"@id":"https:\/\/herttuahotel.com\/#\/schema\/logo\/image\/"}}]}},"publishpress_future_workflow_manual_trigger":{"enabledWorkflows":[]},"_links":{"self":[{"href":"https:\/\/herttuahotel.com\/en\/wp-json\/wp\/v2\/pages\/2245","targetHints":{"allow":["GET"]}}],"collection":[{"href":"https:\/\/herttuahotel.com\/en\/wp-json\/wp\/v2\/pages"}],"about":[{"href":"https:\/\/herttuahotel.com\/en\/wp-json\/wp\/v2\/types\/page"}],"author":[{"embeddable":true,"href":"https:\/\/herttuahotel.com\/en\/wp-json\/wp\/v2\/users\/2"}],"replies":[{"embeddable":true,"href":"https:\/\/herttuahotel.com\/en\/wp-json\/wp\/v2\/comments?post=2245"}],"version-history":[{"count":5,"href":"https:\/\/herttuahotel.com\/en\/wp-json\/wp\/v2\/pages\/2245\/revisions"}],"predecessor-version":[{"id":2321,"href":"https:\/\/herttuahotel.com\/en\/wp-json\/wp\/v2\/pages\/2245\/revisions\/2321"}],"wp:featuredmedia":[{"embeddable":true,"href":"https:\/\/herttuahotel.com\/en\/wp-json\/wp\/v2\/media\/1835"}],"wp:attachment":[{"href":"https:\/\/herttuahotel.com\/en\/wp-json\/wp\/v2\/media?parent=2245"}],"curies":[{"name":"wp","href":"https:\/\/api.w.org\/{rel}","templated":true}]}}